{"id":20,"date":"2015-05-15T15:28:38","date_gmt":"2015-05-15T13:28:38","guid":{"rendered":"http:\/\/www.achtzigzehn.net\/blog\/?page_id=20"},"modified":"2020-03-06T22:55:18","modified_gmt":"2020-03-06T21:55:18","slug":"impressum","status":"publish","type":"page","link":"https:\/\/www.achtzigzehn.net\/blog\/impressum\/","title":{"rendered":"Impressum"},"content":{"rendered":"\n<p>F\u00fcr diese Website verantwortlich:<\/p>\n\n\n\n<p>Hannes Fritz<br>K\u00f6r\u00f6sistra\u00dfe 147\/1 \u2013 8010 Graz \u2013 \u00d6sterreich<\/p>\n\n\n\n<p>Mail: hztirf[at]gmail.com<\/p>\n\n\n\n<p><a href=\"https:\/\/www.achtzigzehn.net\/blog\/datenschutzerklaerung\/\">Link zur Datenschutzerkl\u00e4rung<\/a><\/p>\n","protected":false},"excerpt":{"rendered":"<p>F\u00fcr diese Website verantwortlich: Hannes FritzK\u00f6r\u00f6sistra\u00dfe 147\/1 \u2013 8010 Graz \u2013 \u00d6sterreich Mail: hztirf[at]gmail.com Link zur Datenschutzerkl\u00e4rung<\/p>\n","protected":false},"author":2,"featured_media":0,"parent":0,"menu_order":100,"comment_status":"closed","ping_status":"closed","template":"","meta":{"footnotes":""},"class_list":["post-20","page","type-page","status-publish","hentry"],"_links":{"self":[{"href":"https:\/\/www.achtzigzehn.net\/blog\/wp-json\/wp\/v2\/pages\/20","targetHints":{"allow":["GET"]}}],"collection":[{"href":"https:\/\/www.achtzigzehn.net\/blog\/wp-json\/wp\/v2\/pages"}],"about":[{"href":"https:\/\/www.achtzigzehn.net\/blog\/wp-json\/wp\/v2\/types\/page"}],"author":[{"embeddable":true,"href":"https:\/\/www.achtzigzehn.net\/blog\/wp-json\/wp\/v2\/users\/2"}],"replies":[{"embeddable":true,"href":"https:\/\/www.achtzigzehn.net\/blog\/wp-json\/wp\/v2\/comments?post=20"}],"version-history":[{"count":4,"href":"https:\/\/www.achtzigzehn.net\/blog\/wp-json\/wp\/v2\/pages\/20\/revisions"}],"predecessor-version":[{"id":210,"href":"https:\/\/www.achtzigzehn.net\/blog\/wp-json\/wp\/v2\/pages\/20\/revisions\/210"}],"wp:attachment":[{"href":"https:\/\/www.achtzigzehn.net\/blog\/wp-json\/wp\/v2\/media?parent=20"}],"curies":[{"name":"wp","href":"https:\/\/api.w.org\/{rel}","templated":true}]}}