{"id":41,"date":"2015-06-28T22:24:22","date_gmt":"2015-06-28T20:24:22","guid":{"rendered":"http:\/\/www.achtzigzehn.net\/blog\/?page_id=41"},"modified":"2020-04-19T20:56:21","modified_gmt":"2020-04-19T18:56:21","slug":"warum","status":"publish","type":"page","link":"https:\/\/www.achtzigzehn.net\/blog\/warum\/","title":{"rendered":"Warum?"},"content":{"rendered":"<p>Der Blog ist (m)ein \u00f6ffentlicher Link-Sammler, gleichzeitig (m)eine Gedankenst\u00fctze und Freizeitbesch\u00e4ftigung. In regelm\u00e4\u00dfiger Unregelm\u00e4\u00dfigkeit werde ich Beitr\u00e4ge online stellen, wahrscheinlich die meisten rund um Musik h\u00f6ren und viel mehr Musik machen. Sollte ich den Eindruck gewinnen, dass diese Form von Erinnerungshilfe an mir selbst vorbei l\u00e4uft, geschieht wahrscheinlich das selbe, was meinen bisherigen Blogversuchen widerfahren ist: <a href=\"http:\/\/www.achtzigzehn.net\/blog\/2015\/05\/15\/stillstand\/\">Stillstand<\/a>.<\/p>\n","protected":false},"excerpt":{"rendered":"<p>Der Blog ist (m)ein \u00f6ffentlicher Link-Sammler, gleichzeitig (m)eine Gedankenst\u00fctze und Freizeitbesch\u00e4ftigung. In regelm\u00e4\u00dfiger Unregelm\u00e4\u00dfigkeit werde ich Beitr\u00e4ge online stellen, wahrscheinlich die meisten rund um Musik h\u00f6ren und viel mehr Musik machen. Sollte ich den Eindruck gewinnen, dass diese Form von Erinnerungshilfe an mir selbst vorbei l\u00e4uft, geschieht wahrscheinlich das selbe, was meinen bisherigen Blogversuchen widerfahren [&hellip;]<\/p>\n","protected":false},"author":2,"featured_media":0,"parent":0,"menu_order":0,"comment_status":"closed","ping_status":"closed","template":"","meta":{"footnotes":""},"class_list":["post-41","page","type-page","status-publish","hentry"],"_links":{"self":[{"href":"https:\/\/www.achtzigzehn.net\/blog\/wp-json\/wp\/v2\/pages\/41","targetHints":{"allow":["GET"]}}],"collection":[{"href":"https:\/\/www.achtzigzehn.net\/blog\/wp-json\/wp\/v2\/pages"}],"about":[{"href":"https:\/\/www.achtzigzehn.net\/blog\/wp-json\/wp\/v2\/types\/page"}],"author":[{"embeddable":true,"href":"https:\/\/www.achtzigzehn.net\/blog\/wp-json\/wp\/v2\/users\/2"}],"replies":[{"embeddable":true,"href":"https:\/\/www.achtzigzehn.net\/blog\/wp-json\/wp\/v2\/comments?post=41"}],"version-history":[{"count":1,"href":"https:\/\/www.achtzigzehn.net\/blog\/wp-json\/wp\/v2\/pages\/41\/revisions"}],"predecessor-version":[{"id":42,"href":"https:\/\/www.achtzigzehn.net\/blog\/wp-json\/wp\/v2\/pages\/41\/revisions\/42"}],"wp:attachment":[{"href":"https:\/\/www.achtzigzehn.net\/blog\/wp-json\/wp\/v2\/media?parent=41"}],"curies":[{"name":"wp","href":"https:\/\/api.w.org\/{rel}","templated":true}]}}