{"id":5,"date":"2015-05-11T09:09:06","date_gmt":"2015-05-11T07:09:06","guid":{"rendered":"http:\/\/www.achtzigzehn.net\/blog\/?page_id=5"},"modified":"2025-04-10T20:12:33","modified_gmt":"2025-04-10T18:12:33","slug":"links-zur-recherche-fuer-technische-hochschulschriften","status":"publish","type":"page","link":"https:\/\/www.achtzigzehn.net\/blog\/links-zur-recherche-fuer-technische-hochschulschriften\/","title":{"rendered":"Recherche-Links f\u00fcr technische Hochschulschriften"},"content":{"rendered":"\n<p>Ich sammle seit vielen Jahren Links zu Recherche-Plattformen, insbesondere f\u00fcr technische Hochschulschriften, die ich an den Grazer Universit\u00e4ten und Fachhochschulen betreue.<br>R\u00fcckmeldungen, Erg\u00e4nzungen und Korrekturen sind herzlich willkommen.<\/p>\n\n\n\n<p>Grundlegende <strong>Tipps<\/strong>, um das eigene Suchverhalten zu reflektieren\/zu verbessern, finden sich hier: <a href=\"https:\/\/libguides.sfsu.edu\/libraryskills\">https:\/\/libguides.sfsu.edu\/libraryskills<\/a><\/p>\n\n\n\n<h2 class=\"wp-block-heading\">Suchmaschinen und Datenbanken<\/h2>\n\n\n\n<figure class=\"wp-block-table\"><table><thead><tr><th>Anmerkung<\/th><th>Erkl\u00e4rung<\/th><\/tr><\/thead><tbody><tr><td>Nur \u00fcber Uni Graz\/TU Graz\/Campus02\/&#8230; zug\u00e4nglich<\/td><td>Nutzung aus dem Netzwerk der jeweiligen Hochschule (z.B. Bibliothek) oder \u00fcber das VPN der Hochschule<\/td><\/tr><tr><td>Campus02 und TU Graz haben unterschiedliche Abonnements<\/td><td>\u00dcber das Netzwerk\/VPN der jeweiligen Hochschule sind unterschiedliche Publikationen im Volltext kosten frei zug\u00e4nglich<\/td><\/tr><\/tbody><\/table><figcaption class=\"wp-element-caption\">Legende<\/figcaption><\/figure>\n\n\n\n<ul class=\"wp-block-list\">\n<li><strong>ACM Digital Library<\/strong>, <a href=\"https:\/\/dl.acm.org\/\">https:\/\/dl.acm.org\/<\/a>: ACM Journals\/Konferenzen z\u00e4hlen zu den weltweit wichtigsten im Bereich Informatik. In der Digital Library kann frei nach Abstracts aller Publikationen von ACM gesucht werden, Volltexte nur \u00fcber Uni Graz\/TU Graz<\/li>\n\n\n\n<li><strong>AIS eLibrary,<\/strong> <a href=\"https:\/\/aisel.aisnet.org\/\">https:\/\/aisel.aisnet.org\/<\/a>: Repository und Recherche-M\u00f6glichkeit f\u00fcr Journals und Research Papers zu Information Systems<\/li>\n\n\n\n<li><strong>arxiv.org<\/strong>, <a href=\"https:\/\/arxiv.org\/\">https:\/\/arxiv.org\/<\/a>: Umfangreiches Verzeichnis zu Open-Access-Artikeln.<\/li>\n\n\n\n<li><strong>ASME<\/strong>, <a href=\"https:\/\/www.asme.org\/\">https:\/\/www.asme.org\/<\/a>: The American Society of Mechanical Engineers &#8211; Drehscheibe f\u00fcr Modellbildung und Simulation in der Produktentwicklung (Schwerpunkt Maschinenbau), viele Veranstaltungen (online\/offline), gro\u00dfe Bibliothek. Viele Unternehmen haben eine Mitgliedschaft bei der ASME, am besten intern nachfragen.<\/li>\n\n\n\n<li><strong>BASE Search<\/strong>, <a href=\"https:\/\/www.base-search.net\/\">https:\/\/www.base-search.net\/<\/a>: BASE ist eine der weltweit gr\u00f6\u00dften Suchmaschinen f\u00fcr wissenschaftliche Web-Dokumente. Der Index umfasst \u00fcber 150 Millionen Dokumente aus \u00fcber 7.000 <a href=\"https:\/\/www.base-search.net\/about\/de\/about_sources_date.php\">Quellen<\/a>, ca. 60% davon open-access.<\/li>\n\n\n\n<li><strong>Business Source Premier<\/strong>, <a href=\"https:\/\/search.ebscohost.com\/\">https:\/\/search.ebscohost.com\/<\/a>: vor allem zu wirtschaftlichen Themen interessant, Zugang \u00fcber Uni Graz\/TU Graz<\/li>\n\n\n\n<li><strong>CiteSeer<\/strong>, <a href=\"https:\/\/citeseerx.ist.psu.edu\/\">https:\/\/citeseerx.ist.psu.edu\/<\/a>: frei zug\u00e4ngliche Datenbank mit Volltexten zu Literatur im Bereich Informatik und Computer Science, bietet vielf\u00e4ltige Suchm\u00f6glichkeiten, auch \u00fcber Quellen etc.<\/li>\n\n\n\n<li><strong>CORR<\/strong>, <a href=\"https:\/\/arxiv.org\/corr\/home\">https:\/\/arxiv.org\/corr\/home<\/a>: Preprint Archiv zu eher theoretischen Informatikthemen, frei zug\u00e4nglich<\/li>\n\n\n\n<li><strong>Directory of Open Access Journals<\/strong>: <a href=\"https:\/\/www.doaj.org\/\">https:\/\/www.doaj.org\/<\/a><\/li>\n\n\n\n<li><strong>Elsevier<\/strong>, <a href=\"https:\/\/www.elsevier.com\/\">https:\/\/www.elsevier.com\/<\/a>: Ex-Scirus -&gt; Suchmaschine f\u00fcr im Web zug\u00e4ngliche Literatur, \u00e4hnlich Google Scholar, verlinkt auch <a href=\"https:\/\/www.sciencedirect.com\/\">ScienceDirect.com<\/a> <\/li>\n\n\n\n<li><strong>Google Books<\/strong>, <a href=\"https:\/\/books.google.at\/\">https:\/\/books.google.at\/<\/a>: frei zug\u00e4ngliche B\u00fcchersuche<\/li>\n\n\n\n<li><strong>Google Scholar<\/strong>, <a href=\"https:\/\/scholar.google.at\/\">https:\/\/scholar.google.at\/<\/a>: Suche \u00fcber im Web auffindbarer Literatur &#8211; Achtung: nicht alles, was Google findet, ist wirklich wissenschaftlicher Natur<\/li>\n\n\n\n<li><strong>Hanser eLibrary<\/strong>, <a href=\"https:\/\/www.hanser-elibrary.com\/\">https:\/\/www.hanser-elibrary.com\/<\/a>: B\u00fccher und Zeitschriften des Carl-Hanser-Verlags &#8211; \u00fcber TU Graz zug\u00e4nglich.<\/li>\n\n\n\n<li><strong>IEEE XPLORE<\/strong>, <a href=\"https:\/\/ieeexplore.ieee.org\/\">https:\/\/ieeexplore.ieee.org\/<\/a>: Suche \u00fcber Publikationen, Standards, Normen, etc. aus dem Umfeld Elektrotechnik, Mechatronik, Informatik, Systems Engineering, etc. \u2013 \u00fcber TU Graz zug\u00e4nglich (Campus02 abzukl\u00e4ren).<\/li>\n\n\n\n<li><strong>ISI Web of Knowledge<\/strong>, <a href=\"https:\/\/www.isiknowledge.com\/\">https:\/\/www.isiknowledge.com\/<\/a>: zweite gro\u00dfe wissenschaftliche Datenbank, ebenfalls nur \u00fcber Uni Graz\/TU Graz zug\u00e4nglich<\/li>\n\n\n\n<li><strong>NAFEMS<\/strong>, <a href=\"https:\/\/www.nafems.org\/\">https:\/\/www.nafems.org\/<\/a>: Drehscheibe f\u00fcr Modellbildung und Simulation in der Produktentwicklung, viele Veranstaltungen (online\/offline), gro\u00dfe Bibliothek. Viele Unternehmen haben eine Mitgliedschaft bei der NAFEMS, am besten intern nachfragen.<\/li>\n\n\n\n<li><strong>Researchgate<\/strong>, <a href=\"https:\/\/www.researchgate.net\/\">https:\/\/www.researchgate.net\/<\/a>: Das LinkedIn\/xing f\u00fcr Wissenschafter, M\u00f6glichkeiten mit AutorInnen direkt in Kontakt zu treten und Publikationen anzufordern.<\/li>\n\n\n\n<li><strong>SAE Papers<\/strong>, <a href=\"https:\/\/www.sae.org\/publications\/technical-papers\">https:\/\/www.sae.org\/publications\/technical-papers<\/a>: Gro\u00dfe Sammlung an Ver\u00f6ffentlichungen im Automotive und Aerospace Umfeld &#8211; Zugang zumeist \u00fcber Firmenabonnements gegeben.<\/li>\n\n\n\n<li><strong>ScienceDirect<\/strong>, <a href=\"https:\/\/www.sciencedirect.com\/\">https:\/\/www.sciencedirect.com\/<\/a>: vom selben Anbieter wie Scopus, liefert Volltexte zu wissenschaftlichen Artikeln &#8211; nur \u00fcber Uni Graz\/TU Graz zug\u00e4nglich.<\/li>\n\n\n\n<li><strong>Scopus<\/strong>, <a href=\"https:\/\/www.scopus.com\/\">https:\/\/www.scopus.com\/<\/a>: Abstract- und Zitationsdatenbank, nur \u00fcber die Bibliotheken der Uni Graz bzw. der TU Graz zug\u00e4nglich, ist eine der gr\u00f6\u00dften und wichtigsten wissenschaftlichen Datenbanken.<\/li>\n\n\n\n<li><strong>Springer Link<\/strong>, <a href=\"https:\/\/link.springer.com\/\">https:\/\/link.springer.com\/<\/a>: Volltextsuche durch den Springer-Verlag (B\u00fccher, Journale, Zeitschriften, etc.), Campus02 und TU Graz haben unterschiedliche Abonnements.<\/li>\n\n\n\n<li><strong>Statista,<\/strong> <a href=\"https:\/\/de.statista.com\/\">https:\/\/de.statista.com\/<\/a>: Erm\u00f6glicht einen einfachen und effizienten Zugang zu quantitativen Fakten. Bei Statista finden sich Statistiken zu \u00fcber 600 Branchen. Zugang \u00fcber Campus02 und TU Graz<\/li>\n<\/ul>\n\n\n\n<h2 class=\"wp-block-heading\"><strong>Bibliotheken<\/strong><\/h2>\n\n\n\n<ul class=\"wp-block-list\">\n<li>Universit\u00e4tsbibliothek der <strong>KFU Graz<\/strong>, <a href=\"https:\/\/ub.uni-graz.at\/\">https:\/\/ub.uni-graz.at\/<\/a>, Literatursuche: <a href=\"https:\/\/www.uni-graz.at\/ubwww\/literatursuche.htm\">https:\/\/www.uni-graz.at\/ubwww\/literatursuche.htm<\/a><\/li>\n\n\n\n<li>Universit\u00e4tsbibliothek der <strong>TU Graz<\/strong>, <a href=\"https:\/\/www.ub.tugraz.at\/\">https:\/\/www.ub.tugraz.at\/<\/a><\/li>\n\n\n\n<li>Bibliothek der <strong>FH CAMPUS 02<\/strong>, <a href=\"https:\/\/search-fwg.obvsg.at\/\">https:\/\/search-fwg.obvsg.at\/<\/a>, Onlinekataloge (inkl. Wirtschaftsdaten): <a href=\"https:\/\/www.campus02.at\/studium-lehre\/bibliothek\/\">https:\/\/www.campus02.at\/studium-lehre\/bibliothek\/<\/a><\/li>\n\n\n\n<li>Bibliotheken in <strong>Graz<\/strong>: <a href=\"https:\/\/www.stadtbibliothek.graz.at\/\">https:\/\/www.stadtbibliothek.graz.at\/<\/a><a href=\"http:\/\/www.kleinezeitung.at\/freizeit\/bibliotheken\/240903\/\"><\/a><\/li>\n\n\n\n<li><strong>Bibliothekenverbund \u00d6sterreich<\/strong>: <a href=\"https:\/\/www.obvsg.at\/kataloge\/verbundkataloge\/\">https:\/\/www.obvsg.at\/kataloge\/verbundkataloge\/<\/a> (Gesamtkatalog, Zeitschriften, elektronische Dokumente, Dissertationsdatenbank)<\/li>\n\n\n\n<li>KVK &#8211; <strong>Karlsruher Virtueller Katalog<\/strong>: <a href=\"https:\/\/kvk.bibliothek.kit.edu\/\">https:\/\/kvk.bibliothek.kit.edu\/<\/a><\/li>\n\n\n\n<li><strong>Journal Quality List<\/strong>: <a href=\"https:\/\/www.harzing.com\/resources\/journal-quality-list\">https:\/\/www.harzing.com\/resources\/journal-quality-list<\/a><\/li>\n<\/ul>\n\n\n\n<p>#Last update: 2025-04-10<\/p>\n","protected":false},"excerpt":{"rendered":"<p>Ich sammle seit vielen Jahren Links zu Recherche-Plattformen, insbesondere f\u00fcr technische Hochschulschriften, die ich an den Grazer Universit\u00e4ten und Fachhochschulen betreue.R\u00fcckmeldungen, Erg\u00e4nzungen und Korrekturen sind herzlich willkommen. Grundlegende Tipps, um das eigene Suchverhalten zu reflektieren\/zu verbessern, finden sich hier: https:\/\/libguides.sfsu.edu\/libraryskills Suchmaschinen und Datenbanken Anmerkung Erkl\u00e4rung Nur \u00fcber Uni Graz\/TU Graz\/Campus02\/&#8230; zug\u00e4nglich Nutzung aus dem Netzwerk [&hellip;]<\/p>\n","protected":false},"author":2,"featured_media":0,"parent":0,"menu_order":0,"comment_status":"open","ping_status":"closed","template":"","meta":{"footnotes":""},"class_list":["post-5","page","type-page","status-publish","hentry"],"_links":{"self":[{"href":"https:\/\/www.achtzigzehn.net\/blog\/wp-json\/wp\/v2\/pages\/5","targetHints":{"allow":["GET"]}}],"collection":[{"href":"https:\/\/www.achtzigzehn.net\/blog\/wp-json\/wp\/v2\/pages"}],"about":[{"href":"https:\/\/www.achtzigzehn.net\/blog\/wp-json\/wp\/v2\/types\/page"}],"author":[{"embeddable":true,"href":"https:\/\/www.achtzigzehn.net\/blog\/wp-json\/wp\/v2\/users\/2"}],"replies":[{"embeddable":true,"href":"https:\/\/www.achtzigzehn.net\/blog\/wp-json\/wp\/v2\/comments?post=5"}],"version-history":[{"count":23,"href":"https:\/\/www.achtzigzehn.net\/blog\/wp-json\/wp\/v2\/pages\/5\/revisions"}],"predecessor-version":[{"id":383,"href":"https:\/\/www.achtzigzehn.net\/blog\/wp-json\/wp\/v2\/pages\/5\/revisions\/383"}],"wp:attachment":[{"href":"https:\/\/www.achtzigzehn.net\/blog\/wp-json\/wp\/v2\/media?parent=5"}],"curies":[{"name":"wp","href":"https:\/\/api.w.org\/{rel}","templated":true}]}}